{"id":1386,"date":"2022-10-17T11:59:55","date_gmt":"2022-10-17T09:59:55","guid":{"rendered":"https:\/\/chapaprianavarroyasociados.com\/latest-news\/"},"modified":"2024-01-23T09:39:48","modified_gmt":"2024-01-23T08:39:48","slug":"latest-news","status":"publish","type":"page","link":"https:\/\/chapaprianavarroyasociados.com\/en\/latest-news\/","title":{"rendered":"Latest news"},"content":{"rendered":"\t\t<div data-elementor-type=\"wp-page\" data-elementor-id=\"1386\" class=\"elementor elementor-1386 elementor-453\" data-elementor-post-type=\"page\">\n\t\t\t\t\t\t<section class=\"elementor-section elementor-top-section elementor-element elementor-element-2c90239 elementor-section-height-min-height elementor-section-boxed elementor-section-height-default elementor-section-items-middle\" data-id=\"2c90239\" data-element_type=\"section\" data-settings=\"{&quot;jet_parallax_layout_list&quot;:[],&quot;background_background&quot;:&quot;classic&quot;}\">\n\t\t\t\t\t\t<div class=\"elementor-container elementor-column-gap-default\">\n\t\t\t\t\t<div class=\"elementor-column elementor-col-100 elementor-top-column elementor-element elementor-element-37ffb3c\" data-id=\"37ffb3c\" data-element_type=\"column\">\n\t\t\t<div class=\"elementor-widget-wrap elementor-element-populated\">\n\t\t\t\t\t\t<div class=\"elementor-element elementor-element-ed316f7 elementor-widget elementor-widget-heading\" data-id=\"ed316f7\" data-element_type=\"widget\" data-widget_type=\"heading.default\">\n\t\t\t\t<div class=\"elementor-widget-container\">\n\t\t\t\t\t<h1 class=\"elementor-heading-title elementor-size-default\">Latest news<\/h1>\t\t\t\t<\/div>\n\t\t\t\t<\/div>\n\t\t\t\t<div class=\"elementor-element elementor-element-fa80b6b elementor-align-center elementor-invisible elementor-widget elementor-widget-button\" data-id=\"fa80b6b\" data-element_type=\"widget\" data-settings=\"{&quot;_animation&quot;:&quot;fadeInRight&quot;}\" data-widget_type=\"button.default\">\n\t\t\t\t<div class=\"elementor-widget-container\">\n\t\t\t\t\t\t\t\t\t<div class=\"elementor-button-wrapper\">\n\t\t\t\t\t<a class=\"elementor-button elementor-button-link elementor-size-sm elementor-animation-float\" href=\"#scroll\">\n\t\t\t\t\t\t<span class=\"elementor-button-content-wrapper\">\n\t\t\t\t\t\t\t\t\t<span class=\"elementor-button-text\">discover more<\/span>\n\t\t\t\t\t<\/span>\n\t\t\t\t\t<\/a>\n\t\t\t\t<\/div>\n\t\t\t\t\t\t\t\t<\/div>\n\t\t\t\t<\/div>\n\t\t\t\t\t<\/div>\n\t\t<\/div>\n\t\t\t\t\t<\/div>\n\t\t<\/section>\n\t\t\t\t<section class=\"elementor-section elementor-top-section elementor-element elementor-element-aea86f6 elementor-section-boxed elementor-section-height-default elementor-section-height-default\" data-id=\"aea86f6\" data-element_type=\"section\" id=\"scroll\" data-settings=\"{&quot;jet_parallax_layout_list&quot;:[]}\">\n\t\t\t\t\t\t<div class=\"elementor-container elementor-column-gap-default\">\n\t\t\t\t\t<div class=\"elementor-column elementor-col-100 elementor-top-column elementor-element elementor-element-e096e0d\" data-id=\"e096e0d\" data-element_type=\"column\">\n\t\t\t<div class=\"elementor-widget-wrap elementor-element-populated\">\n\t\t\t\t\t\t<div class=\"elementor-element elementor-element-dee1e01 elementor-align-center elementor-invisible elementor-widget elementor-widget-button\" data-id=\"dee1e01\" data-element_type=\"widget\" data-settings=\"{&quot;_animation&quot;:&quot;fadeInUp&quot;}\" data-widget_type=\"button.default\">\n\t\t\t\t<div class=\"elementor-widget-container\">\n\t\t\t\t\t\t\t\t\t<div class=\"elementor-button-wrapper\">\n\t\t\t\t\t<a class=\"elementor-button elementor-button-link elementor-size-sm elementor-animation-float\" href=\"#\" id=\"cargar_mas\">\n\t\t\t\t\t\t<span class=\"elementor-button-content-wrapper\">\n\t\t\t\t\t\t\t\t\t<span class=\"elementor-button-text\">charge more<\/span>\n\t\t\t\t\t<\/span>\n\t\t\t\t\t<\/a>\n\t\t\t\t<\/div>\n\t\t\t\t\t\t\t\t<\/div>\n\t\t\t\t<\/div>\n\t\t\t\t\t<\/div>\n\t\t<\/div>\n\t\t\t\t\t<\/div>\n\t\t<\/section>\n\t\t\t\t<\/div>\n\t\t","protected":false},"excerpt":{"rendered":"<p>Latest news discover more leer m\u00e1s leer m\u00e1s leer m\u00e1s leer m\u00e1s leer m\u00e1s leer m\u00e1s charge more<\/p>\n","protected":false},"author":1,"featured_media":0,"parent":0,"menu_order":0,"comment_status":"closed","ping_status":"closed","template":"elementor_header_footer","meta":{"_joinchat":[],"footnotes":""},"class_list":["post-1386","page","type-page","status-publish","hentry"],"yoast_head":"<!-- This site is optimized with the Yoast SEO plugin v27.3 - https:\/\/yoast.com\/product\/yoast-seo-wordpress\/ -->\n<title>Latest news - Chapapr\u00eda-Navarro &amp; Asociados<\/title>\n<meta name=\"robots\" content=\"index, follow, max-snippet:-1, max-image-preview:large, max-video-preview:-1\" \/>\n<link rel=\"canonical\" href=\"https:\/\/chapaprianavarroyasociados.com\/en\/latest-news\/\" \/>\n<meta property=\"og:locale\" content=\"en_US\" \/>\n<meta property=\"og:type\" content=\"article\" \/>\n<meta property=\"og:title\" content=\"Latest news - Chapapr\u00eda-Navarro &amp; Asociados\" \/>\n<meta property=\"og:description\" content=\"Latest news discover more leer m\u00e1s leer m\u00e1s leer m\u00e1s leer m\u00e1s leer m\u00e1s leer m\u00e1s charge more\" \/>\n<meta property=\"og:url\" content=\"https:\/\/chapaprianavarroyasociados.com\/en\/latest-news\/\" \/>\n<meta property=\"og:site_name\" content=\"Chapapr\u00eda-Navarro &amp; Asociados\" \/>\n<meta property=\"article:publisher\" content=\"https:\/\/www.facebook.com\/chapaprianavarroasociados\/\" \/>\n<meta property=\"article:modified_time\" content=\"2024-01-23T08:39:48+00:00\" \/>\n<meta name=\"twitter:card\" content=\"summary_large_image\" \/>\n<meta name=\"twitter:site\" content=\"@BufeteChapapria\" \/>\n<script type=\"application\/ld+json\" class=\"yoast-schema-graph\">{\"@context\":\"https:\\\/\\\/schema.org\",\"@graph\":[{\"@type\":\"WebPage\",\"@id\":\"https:\\\/\\\/chapaprianavarroyasociados.com\\\/en\\\/latest-news\\\/\",\"url\":\"https:\\\/\\\/chapaprianavarroyasociados.com\\\/en\\\/latest-news\\\/\",\"name\":\"Latest news - Chapapr\u00eda-Navarro &amp; Asociados\",\"isPartOf\":{\"@id\":\"https:\\\/\\\/chapaprianavarroyasociados.com\\\/en\\\/#website\"},\"datePublished\":\"2022-10-17T09:59:55+00:00\",\"dateModified\":\"2024-01-23T08:39:48+00:00\",\"breadcrumb\":{\"@id\":\"https:\\\/\\\/chapaprianavarroyasociados.com\\\/en\\\/latest-news\\\/#breadcrumb\"},\"inLanguage\":\"en-US\",\"potentialAction\":[{\"@type\":\"ReadAction\",\"target\":[\"https:\\\/\\\/chapaprianavarroyasociados.com\\\/en\\\/latest-news\\\/\"]}]},{\"@type\":\"BreadcrumbList\",\"@id\":\"https:\\\/\\\/chapaprianavarroyasociados.com\\\/en\\\/latest-news\\\/#breadcrumb\",\"itemListElement\":[{\"@type\":\"ListItem\",\"position\":1,\"name\":\"Portada\",\"item\":\"https:\\\/\\\/chapaprianavarroyasociados.com\\\/en\\\/home\\\/\"},{\"@type\":\"ListItem\",\"position\":2,\"name\":\"Latest news\"}]},{\"@type\":\"WebSite\",\"@id\":\"https:\\\/\\\/chapaprianavarroyasociados.com\\\/en\\\/#website\",\"url\":\"https:\\\/\\\/chapaprianavarroyasociados.com\\\/en\\\/\",\"name\":\"Chapapr\u00eda-Navarro y Asociados\",\"description\":\"Bufete de abogados en Torrevieja, Valencia y Albacete\",\"publisher\":{\"@id\":\"https:\\\/\\\/chapaprianavarroyasociados.com\\\/en\\\/#organization\"},\"potentialAction\":[{\"@type\":\"SearchAction\",\"target\":{\"@type\":\"EntryPoint\",\"urlTemplate\":\"https:\\\/\\\/chapaprianavarroyasociados.com\\\/en\\\/?s={search_term_string}\"},\"query-input\":{\"@type\":\"PropertyValueSpecification\",\"valueRequired\":true,\"valueName\":\"search_term_string\"}}],\"inLanguage\":\"en-US\"},{\"@type\":\"Organization\",\"@id\":\"https:\\\/\\\/chapaprianavarroyasociados.com\\\/en\\\/#organization\",\"name\":\"Chapapr\u00eda Navarro y Asociados\",\"url\":\"https:\\\/\\\/chapaprianavarroyasociados.com\\\/en\\\/\",\"logo\":{\"@type\":\"ImageObject\",\"inLanguage\":\"en-US\",\"@id\":\"https:\\\/\\\/chapaprianavarroyasociados.com\\\/en\\\/#\\\/schema\\\/logo\\\/image\\\/\",\"url\":\"https:\\\/\\\/chapaprianavarroyasociados.com\\\/wp-content\\\/uploads\\\/2022\\\/10\\\/cropped-logo_version_02_blanco.png\",\"contentUrl\":\"https:\\\/\\\/chapaprianavarroyasociados.com\\\/wp-content\\\/uploads\\\/2022\\\/10\\\/cropped-logo_version_02_blanco.png\",\"width\":296,\"height\":85,\"caption\":\"Chapapr\u00eda Navarro y Asociados\"},\"image\":{\"@id\":\"https:\\\/\\\/chapaprianavarroyasociados.com\\\/en\\\/#\\\/schema\\\/logo\\\/image\\\/\"},\"sameAs\":[\"https:\\\/\\\/www.facebook.com\\\/chapaprianavarroasociados\\\/\",\"https:\\\/\\\/x.com\\\/BufeteChapapria\",\"https:\\\/\\\/www.linkedin.com\\\/company\\\/chapapria-navarro-y-asociados-s-l-p\\\/\",\"https:\\\/\\\/www.instagram.com\\\/chapaprianavarroasociados\\\/\"]}]}<\/script>\n<!-- \/ Yoast SEO plugin. -->","yoast_head_json":{"title":"Latest news - Chapapr\u00eda-Navarro &amp; Asociados","robots":{"index":"index","follow":"follow","max-snippet":"max-snippet:-1","max-image-preview":"max-image-preview:large","max-video-preview":"max-video-preview:-1"},"canonical":"https:\/\/chapaprianavarroyasociados.com\/en\/latest-news\/","og_locale":"en_US","og_type":"article","og_title":"Latest news - Chapapr\u00eda-Navarro &amp; Asociados","og_description":"Latest news discover more leer m\u00e1s leer m\u00e1s leer m\u00e1s leer m\u00e1s leer m\u00e1s leer m\u00e1s charge more","og_url":"https:\/\/chapaprianavarroyasociados.com\/en\/latest-news\/","og_site_name":"Chapapr\u00eda-Navarro &amp; Asociados","article_publisher":"https:\/\/www.facebook.com\/chapaprianavarroasociados\/","article_modified_time":"2024-01-23T08:39:48+00:00","twitter_card":"summary_large_image","twitter_site":"@BufeteChapapria","schema":{"@context":"https:\/\/schema.org","@graph":[{"@type":"WebPage","@id":"https:\/\/chapaprianavarroyasociados.com\/en\/latest-news\/","url":"https:\/\/chapaprianavarroyasociados.com\/en\/latest-news\/","name":"Latest news - Chapapr\u00eda-Navarro &amp; Asociados","isPartOf":{"@id":"https:\/\/chapaprianavarroyasociados.com\/en\/#website"},"datePublished":"2022-10-17T09:59:55+00:00","dateModified":"2024-01-23T08:39:48+00:00","breadcrumb":{"@id":"https:\/\/chapaprianavarroyasociados.com\/en\/latest-news\/#breadcrumb"},"inLanguage":"en-US","potentialAction":[{"@type":"ReadAction","target":["https:\/\/chapaprianavarroyasociados.com\/en\/latest-news\/"]}]},{"@type":"BreadcrumbList","@id":"https:\/\/chapaprianavarroyasociados.com\/en\/latest-news\/#breadcrumb","itemListElement":[{"@type":"ListItem","position":1,"name":"Portada","item":"https:\/\/chapaprianavarroyasociados.com\/en\/home\/"},{"@type":"ListItem","position":2,"name":"Latest news"}]},{"@type":"WebSite","@id":"https:\/\/chapaprianavarroyasociados.com\/en\/#website","url":"https:\/\/chapaprianavarroyasociados.com\/en\/","name":"Chapapr\u00eda-Navarro y Asociados","description":"Bufete de abogados en Torrevieja, Valencia y Albacete","publisher":{"@id":"https:\/\/chapaprianavarroyasociados.com\/en\/#organization"},"potentialAction":[{"@type":"SearchAction","target":{"@type":"EntryPoint","urlTemplate":"https:\/\/chapaprianavarroyasociados.com\/en\/?s={search_term_string}"},"query-input":{"@type":"PropertyValueSpecification","valueRequired":true,"valueName":"search_term_string"}}],"inLanguage":"en-US"},{"@type":"Organization","@id":"https:\/\/chapaprianavarroyasociados.com\/en\/#organization","name":"Chapapr\u00eda Navarro y Asociados","url":"https:\/\/chapaprianavarroyasociados.com\/en\/","logo":{"@type":"ImageObject","inLanguage":"en-US","@id":"https:\/\/chapaprianavarroyasociados.com\/en\/#\/schema\/logo\/image\/","url":"https:\/\/chapaprianavarroyasociados.com\/wp-content\/uploads\/2022\/10\/cropped-logo_version_02_blanco.png","contentUrl":"https:\/\/chapaprianavarroyasociados.com\/wp-content\/uploads\/2022\/10\/cropped-logo_version_02_blanco.png","width":296,"height":85,"caption":"Chapapr\u00eda Navarro y Asociados"},"image":{"@id":"https:\/\/chapaprianavarroyasociados.com\/en\/#\/schema\/logo\/image\/"},"sameAs":["https:\/\/www.facebook.com\/chapaprianavarroasociados\/","https:\/\/x.com\/BufeteChapapria","https:\/\/www.linkedin.com\/company\/chapapria-navarro-y-asociados-s-l-p\/","https:\/\/www.instagram.com\/chapaprianavarroasociados\/"]}]}},"_links":{"self":[{"href":"https:\/\/chapaprianavarroyasociados.com\/en\/wp-json\/wp\/v2\/pages\/1386","targetHints":{"allow":["GET"]}}],"collection":[{"href":"https:\/\/chapaprianavarroyasociados.com\/en\/wp-json\/wp\/v2\/pages"}],"about":[{"href":"https:\/\/chapaprianavarroyasociados.com\/en\/wp-json\/wp\/v2\/types\/page"}],"author":[{"embeddable":true,"href":"https:\/\/chapaprianavarroyasociados.com\/en\/wp-json\/wp\/v2\/users\/1"}],"replies":[{"embeddable":true,"href":"https:\/\/chapaprianavarroyasociados.com\/en\/wp-json\/wp\/v2\/comments?post=1386"}],"version-history":[{"count":14,"href":"https:\/\/chapaprianavarroyasociados.com\/en\/wp-json\/wp\/v2\/pages\/1386\/revisions"}],"predecessor-version":[{"id":6146,"href":"https:\/\/chapaprianavarroyasociados.com\/en\/wp-json\/wp\/v2\/pages\/1386\/revisions\/6146"}],"wp:attachment":[{"href":"https:\/\/chapaprianavarroyasociados.com\/en\/wp-json\/wp\/v2\/media?parent=1386"}],"curies":[{"name":"wp","href":"https:\/\/api.w.org\/{rel}","templated":true}]}}