{"id":3696,"date":"2022-10-10T10:21:19","date_gmt":"2022-10-10T08:21:19","guid":{"rendered":"https:\/\/chapaprianavarroyasociados.com\/politica-privacidad\/"},"modified":"2025-09-16T15:45:04","modified_gmt":"2025-09-16T13:45:04","slug":"politica-privacidad","status":"publish","type":"page","link":"https:\/\/chapaprianavarroyasociados.com\/en\/politica-privacidad\/","title":{"rendered":"Pol\u00edtica de privacidad y protecci\u00f3n de datos"},"content":{"rendered":"\t\t<div data-elementor-type=\"wp-page\" data-elementor-id=\"3696\" class=\"elementor elementor-3696 elementor-3\" data-elementor-post-type=\"page\">\n\t\t\t\t\t\t<section class=\"elementor-section elementor-top-section elementor-element elementor-element-ffb3955 elementor-section-boxed elementor-section-height-default elementor-section-height-default\" data-id=\"ffb3955\" data-element_type=\"section\" data-settings=\"{&quot;jet_parallax_layout_list&quot;:[]}\">\n\t\t\t\t\t\t<div class=\"elementor-container elementor-column-gap-default\">\n\t\t\t\t\t<div class=\"elementor-column elementor-col-100 elementor-top-column elementor-element elementor-element-cf02337\" data-id=\"cf02337\" data-element_type=\"column\">\n\t\t\t<div class=\"elementor-widget-wrap elementor-element-populated\">\n\t\t\t\t\t\t<div class=\"elementor-element elementor-element-1ee9f48 elementor-widget elementor-widget-text-editor\" data-id=\"1ee9f48\" data-element_type=\"widget\" data-widget_type=\"text-editor.default\">\n\t\t\t\t<div class=\"elementor-widget-container\">\n\t\t\t\t\t\t\t\t\t<p><strong>POL\u00cdTICA DE PROTECCI\u00d3N DE DATOS <\/strong><\/p>\n<p>En cumplimiento del Reglamento UE 2016\/679 General de Protecci\u00f3n de Datos, (en adelante, \u201cRGPD\u201d) y la Ley Org\u00e1nica 3\/2018 de 5 de diciembre de Protecci\u00f3n de Datos Personales y garant\u00eda de los derechos digitales (en adelante \u201cLOPDGDD\u201d), por medio de la presente se informa a los usuarios sobre los tratamientos de datos que CHAPAPRIA NAVARRO Y ASOCIADOS SLP, efectuar\u00e1 sobre los datos de car\u00e1cter personal recabados a trav\u00e9s de https:\/\/chapaprianavarroyasociados.com\/, (en adelante \u201cel sitio web\u201d).<\/p>\n<ol>\n<li><strong> IDENTIFICACI\u00d3N DEL RESPONSABLE DEL TRATAMIENTO <\/strong><\/li>\n<\/ol>\n<p>El Responsable del Tratamiento de los datos personales es CHAPAPRIA NAVARRO Y ASOCIADOS SLP, con CIF n\u00famero B-42605592 y domicilio social en CALLE RAMON GALLUD, 47 &#8211; 1 1 TORREVIEJA (03181), Alicante, Espa\u00f1a<\/p>\n<p>Para cualquier cuesti\u00f3n relacionada con la presente pol\u00edtica de protecci\u00f3n de datos, el usuario podr\u00e1 ponerse en contacto con el delegado de protecci\u00f3n de datos enviando un email a comunicacion@chapaprianavarroyasociados.com.<\/p>\n<ol start=\"2\">\n<li><strong> FINES DEL TRATAMIENTO DE DATOS Y BASES LEGITIMADORAS DEL TRATAMIENTO.<\/strong> CHAPAPRIA NAVARRO Y ASOCIADOS SLP. tratar\u00e1 sus datos con las siguientes finalidades y bases legitimadoras:<\/li>\n<\/ol>\n<ul>\n<li>Gestionar las consultas que los usuarios remitan a trav\u00e9s del formulario de contacto habilitado a tal efecto en el sitio web, tratando los datos identificativos (nombre y apellidos y correo electr\u00f3nico) y siendo la base legitimadora la ejecuci\u00f3n de la relaci\u00f3n precontractual.<\/li>\n<li>Gestionar el env\u00edo de comunicaciones comerciales electr\u00f3nicas tratando los datos de correo electr\u00f3nico del usuario y siendo la base legitimadora el consentimiento.<\/li>\n<li>Gestionar las consultas o dudas que los usuarios remitan a trav\u00e9s del canal de WhatsApp Business y mediante llamada telef\u00f3nica tratando sus datos identificativos (nombre y apellidos, n\u00ba de tel\u00e9fono y, en su caso, correo electr\u00f3nico) respecto a c\u00f3mo efectuar la compra de alg\u00fan producto ofertado en la p\u00e1gina web, siendo la base legitimadora la ejecuci\u00f3n de la relaci\u00f3n precontractual o en su caso contractual.<\/li>\n<li>Gesti\u00f3n, cumplimiento y ejecuci\u00f3n de las compras de productos ofertados en la p\u00e1gina web a trav\u00e9s de WhatsApp, en base a la ejecuci\u00f3n de la relaci\u00f3n contractual.<\/li>\n<\/ul>\n<ol start=\"3\">\n<li><strong> DESTINATARIOS DE LOS DATOS PERSONALES<br><\/strong><strong>3.1 Comunicaci\u00f3n de los datos a terceros.<br><\/strong>Por medio de la presente, CHAPAPRIA NAVARRO Y ASOCIADOS SLP le informa que sus datos no ser\u00e1n cedidos a terceros a excepci\u00f3n de obligaci\u00f3n legal.<br><strong>3.2 Encargados del tratamiento<br><\/strong>El tratamiento de los datos de los usuarios podr\u00e1 ser realizado por prestadores de servicios id\u00f3neos, contratados por CHAPAPRIA NAVARRO Y ASOCIADOS SLP. Dichos prestadores de servicios \u00fanicamente tratar\u00e1n los datos para las finalidades establecidas y descritas en los correspondientes contratos de Encargado de Tratamiento que se han suscrito.<\/li>\n<\/ol>\n<ol start=\"4\">\n<li><strong> TRANSFERENCIAS INTERNACIONALES DE DATOS <\/strong><\/li>\n<\/ol>\n<p>Para los tratamientos que se realizan en el sitio web, CHAPAPRIA NAVARRO Y ASOCIADOS SLP no lleva a cabo transferencias internacionales de datos.<\/p>\n<ol start=\"5\">\n<li><strong> PLAZO DE CONSERVACI\u00d3N <\/strong><\/li>\n<\/ol>\n<p>CHAPAPRIA NAVARRO Y ASOCIADOS SLP conservar\u00e1 los datos personales de los usuarios durante el tiempo necesario para la realizaci\u00f3n de la finalidad para la cual son tratados y en todo caso durante el plazo necesario para el cumplimiento de las correspondientes obligaciones legales. En concreto los datos personales captados para los siguientes tratamientos se conservar\u00e1n de acuerdo con los criterios descritos a continuaci\u00f3n:<\/p>\n<ul>\n<li>Los datos personales recabados a trav\u00e9s de las consultas que los usuarios remitan a trav\u00e9s del formulario de contacto habilitado a tal efecto en el sitio web, as\u00ed como las que remitan a trav\u00e9s de WhatsApp o mediante llamada telef\u00f3nica se conservar\u00e1n durante el tiempo necesario para resolver la consulta y en tanto el usuario no ejercite su derecho de supresi\u00f3n.<\/li>\n<li>Los datos necesarios para el env\u00edo de comunicaciones comerciales electr\u00f3nicas se conservar\u00e1n en tanto el usuario no solicite la baja del servicio siguiendo las instrucciones al pie de cada correo.<\/li>\n<li>Los datos personales necesarios para la formalizaci\u00f3n de la compra de los productos se conservar\u00e1n durante un plazo de cinco (5) a\u00f1os.<\/li>\n<\/ul>\n<ol start=\"6\">\n<li><strong> EJERCICIO DE DERECHOS EN MATERIA DE PROTECCI\u00d3N DE DATOS.<\/strong><\/li>\n<\/ol>\n<p>En cualquier momento, el usuario podr\u00e1 ejercer sus derechos de acceso, rectificaci\u00f3n, supresi\u00f3n, oposici\u00f3n, limitaci\u00f3n y portabilidad de sus datos, enviando su petici\u00f3n por escrito a la siguiente direcci\u00f3n de correo electr\u00f3nico <a href=\"mailto:comunicacion@chapaprianavarroyasociados.com\">comunicacion@chapaprianavarroyasociados.com<\/a> o en su defecto enviando su petici\u00f3n a la direcci\u00f3n postal CALLE RAMON GALLUD, 47 &#8211; 1 1 TORREVIEJA (03181), Alicante, Espa\u00f1a, indicando el derecho en materia de protecci\u00f3n de datos que desea ejercitar.<\/p>\n<p>Asimismo, se informa al usuario que en caso de considerar que no se ha satisfecho el ejercicio de sus derechos, podr\u00e1 ponerse en contacto con el delegado de protecci\u00f3n de datos enviando su petici\u00f3n a la direcci\u00f3n de correo electr\u00f3nico <a href=\"mailto:comunicacion@chapaprianavarroyasociados.com\">comunicacion@chapaprianavarroyasociados.com<\/a> o presentar una reclamaci\u00f3n ante la Agencia Espa\u00f1ola de Protecci\u00f3n de Datos. M\u00e1s informaci\u00f3n en www.aepd.es.<\/p>\n<p><strong>&nbsp;<\/strong><\/p>\n<p><strong>CL\u00c1USULAS INFORMATIVAS EN MATERIA DE PROTECCI\u00d3N DE DATOS&nbsp;<\/strong><\/p>\n<p><strong>1 Formulario newsletter al acceder a la p\u00e1gina web <\/strong><strong><br><\/strong>Antes de la opci\u00f3n suscribirse deber\u00e1 aparecer el siguiente checkbox:<\/p>\n<ul>\n<li>Acepto el env\u00edo de comunicaciones comerciales electr\u00f3nicas por CHAPAPRIA NAVARRO Y ASOCIADOS SLP con la finalidad obtener informaci\u00f3n sobre sus productos y servicios.<\/li>\n<\/ul>\n<p>Asimismo, deber\u00e1 incluirse informaci\u00f3n b\u00e1sica en materia de protecci\u00f3n de datos. Recomendamos incluir un desplegable en el que el interesado al seleccionar sobre \u201cinformaci\u00f3n b\u00e1sica de protecci\u00f3n de datos\u201d le aparezca lo sigiente:<\/p>\n<p>Informaci\u00f3n b\u00e1sica de protecci\u00f3n de datos<\/p>\n<p>Conforme a la normativa de protecci\u00f3n de datos, CHAPAPRIA NAVARRO Y ASOCIADOS SLP . en calidad de Responsable del Tratamiento con domicilio en CALLE RAMON GALLUD, 47 &#8211; 1 1 TORREVIEJA (03181), Alicante, Espa\u00f1a le informa que sus datos de car\u00e1cter personal (nombre, apellidos y direcci\u00f3n de correo electr\u00f3nico) ser\u00e1n tratados con la finalidad de gestionar la suscripci\u00f3n a la newsletter. Asimismo, informamos al usuario que podr\u00e1 en cualquier momento darse de baja siguiendo las instrucciones que encontrar\u00e1 al pie del email. Igualmente, podr\u00e1 obtener informaci\u00f3n adicional sobre el tratamiento de sus datos, as\u00ed como ejercitar los derechos de acceso, rectificaci\u00f3n, supresi\u00f3n, oposici\u00f3n, limitaci\u00f3n y portabilidad siguiendo las instrucciones que encontrar\u00e1 en nuestra Pol\u00edtica<\/p>\n<p>de Protecci\u00f3n de Datos. Asimismo, puede consultar con el DPD en la direcci\u00f3n: comunicacion@chapaprianavarroyasociados.com<\/p>\n<p><strong>2 Formulario newsletter incluido en el footer de la p\u00e1gina web <\/strong><strong><br><\/strong>\u2022 Acepto el env\u00edo de comunicaciones comerciales electr\u00f3nicas por CHAPAPRIA NAVARRO Y ASOCIADOS SLP con la finalidad de conocer las \u00faltimas novedades, noticias e informaci\u00f3n relevantes de sus productos y servicios.<\/p>\n<p>Informaci\u00f3n sobre el tratamiento de datos.<\/p>\n<p>Conforme a la normativa de protecci\u00f3n de datos CHAPAPRIA NAVARRO Y ASOCIADOS SLP. en calidad de Responsable del Tratamiento con domicilio en CALLE RAMON GALLUD, 47 &#8211; 1 1 TORREVIEJA (03181), Alicante, Espa\u00f1a le informa que sus datos de car\u00e1cter personal (nombre, apellidos y direcci\u00f3n de correo electr\u00f3nico) ser\u00e1n tratados con la finalidad de gestionar la suscripci\u00f3n a la newsletter. Asimismo, informamos al usuario que podr\u00e1 en cualquier momento darse de baja siguiendo las instrucciones que encontrar\u00e1 al pie del email. Igualmente, podr\u00e1 obtener informaci\u00f3n adicional sobre el tratamiento de sus datos, as\u00ed como ejercitar los derechos de acceso, rectificaci\u00f3n, supresi\u00f3n, oposici\u00f3n, limitaci\u00f3n y portabilidad siguiendo las instrucciones que encontrar\u00e1 en nuestra Pol\u00edtica<\/p>\n<p>de Protecci\u00f3n de Datos. Asimismo, puede consultar con el DPD en la direcci\u00f3n: comunicacion@chapaprianavarroyasociados.com<\/p>\n<p><strong>3 Formulario contacto <\/strong><\/p>\n<p>Informaci\u00f3n sobre el tratamiento de datos<\/p>\n<p>Conforme a la normativa de protecci\u00f3n de datos, CHAPAPRIA NAVARRO Y ASOCIADOS SLP en calidad de Responsable del Tratamiento con domicilio en CALLE RAMON GALLUD, 47 &#8211; 1 1 TORREVIEJA (03181), Alicante, Espa\u00f1a le informa que sus datos personales de car\u00e1cter personal (nombre, apellidos y direcci\u00f3n de correo electr\u00f3nico) ser\u00e1n tratados con la finalidad de gestionar las consultas que le puedan surgir sobre los servicios prestados en CHAPAPRIA NAVARRO Y ASOCIADOS SLP Igualmente, podr\u00e1 obtener informaci\u00f3n adicional sobre el tratamiento de sus datos, as\u00ed como ejercitar los derechos de acceso, rectificaci\u00f3n, supresi\u00f3n, oposici\u00f3n, limitaci\u00f3n y portabilidad siguiendo las instrucciones que encontrar\u00e1 en nuestra Pol\u00edtica de<\/p>\n<p>Protecci\u00f3n de Datos. Asimismo, puede consultar con el DPD en la direcci\u00f3n: comunicacion@chapaprianavarroyasociados.com<\/p>\n<p><strong>4 Informaci\u00f3n b\u00e1sica en materia de protecci\u00f3n de datos cuando se inicie por parte de [EMPRESA] una conversaci\u00f3n por WhatsApp Business, o se inicie por el propio interesado <\/strong><\/p>\n<p>Conforme a la normativa de protecci\u00f3n de datos, CHAPAPRIA NAVARRO Y ASOCIADOS SLP en calidad de Responsable del Tratamiento con domicilio en CALLE RAMON GALLUD, 47 &#8211; 1 1 TORREVIEJA (03181), Alicante, Espa\u00f1a le informa que sus datos personales de car\u00e1cter personal (nombre, apellidos y n\u00famero de tel\u00e9fono) ser\u00e1n tratados con la finalidad de gestionar las consultas que le puedan surgir sobre los servicios prestados en CHAPAPRIA NAVARRO Y ASOCIADOS SLP y proceso de contrataci\u00f3n de nuestros servicios. Igualmente, podr\u00e1 obtener informaci\u00f3n adicional sobre el tratamiento de sus datos, as\u00ed como ejercitar los derechos de acceso, rectificaci\u00f3n, supresi\u00f3n, oposici\u00f3n, limitaci\u00f3n y portabilidad siguiendo las instrucciones que encontrar\u00e1 en nuestra Pol\u00edtica de Protecci\u00f3n de Datos. Asimismo, puede consultar con el DPD en la direcci\u00f3n: comunicacion@chapaprianavarroyasociados.com<\/p><p><br><\/p>\n<p>\u00daltima actualizaci\u00f3n Septiembre 2025<\/p>\t\t\t\t\t\t\t\t<\/div>\n\t\t\t\t<\/div>\n\t\t\t\t\t<\/div>\n\t\t<\/div>\n\t\t\t\t\t<\/div>\n\t\t<\/section>\n\t\t\t\t<\/div>\n\t\t","protected":false},"excerpt":{"rendered":"<p>POL\u00cdTICA DE PROTECCI\u00d3N DE DATOS En cumplimiento del Reglamento UE 2016\/679 General de Protecci\u00f3n de Datos, (en adelante, \u201cRGPD\u201d) y la Ley Org\u00e1nica 3\/2018 de 5 de diciembre de Protecci\u00f3n de Datos Personales y garant\u00eda de los derechos digitales (en adelante \u201cLOPDGDD\u201d), por medio de la presente se informa a los usuarios sobre los tratamientos [&hellip;]<\/p>\n","protected":false},"author":1,"featured_media":0,"parent":0,"menu_order":0,"comment_status":"closed","ping_status":"closed","template":"","meta":{"_joinchat":[],"footnotes":""},"class_list":["post-3696","page","type-page","status-publish","hentry"],"yoast_head":"<!-- This site is optimized with the Yoast SEO plugin v27.3 - https:\/\/yoast.com\/product\/yoast-seo-wordpress\/ -->\n<title>Pol\u00edtica de privacidad y protecci\u00f3n de datos - Chapapr\u00eda-Navarro &amp; Asociados<\/title>\n<meta name=\"robots\" content=\"index, follow, max-snippet:-1, max-image-preview:large, max-video-preview:-1\" \/>\n<link rel=\"canonical\" href=\"https:\/\/chapaprianavarroyasociados.com\/en\/politica-privacidad\/\" \/>\n<meta property=\"og:locale\" content=\"en_US\" \/>\n<meta property=\"og:type\" content=\"article\" \/>\n<meta property=\"og:title\" content=\"Pol\u00edtica de privacidad y protecci\u00f3n de datos - Chapapr\u00eda-Navarro &amp; Asociados\" \/>\n<meta property=\"og:description\" content=\"POL\u00cdTICA DE PROTECCI\u00d3N DE DATOS En cumplimiento del Reglamento UE 2016\/679 General de Protecci\u00f3n de Datos, (en adelante, \u201cRGPD\u201d) y la Ley Org\u00e1nica 3\/2018 de 5 de diciembre de Protecci\u00f3n de Datos Personales y garant\u00eda de los derechos digitales (en adelante \u201cLOPDGDD\u201d), por medio de la presente se informa a los usuarios sobre los tratamientos [&hellip;]\" \/>\n<meta property=\"og:url\" content=\"https:\/\/chapaprianavarroyasociados.com\/en\/politica-privacidad\/\" \/>\n<meta property=\"og:site_name\" content=\"Chapapr\u00eda-Navarro &amp; Asociados\" \/>\n<meta property=\"article:publisher\" content=\"https:\/\/www.facebook.com\/chapaprianavarroasociados\/\" \/>\n<meta property=\"article:modified_time\" content=\"2025-09-16T13:45:04+00:00\" \/>\n<meta name=\"twitter:card\" content=\"summary_large_image\" \/>\n<meta name=\"twitter:site\" content=\"@BufeteChapapria\" \/>\n<meta name=\"twitter:label1\" content=\"Est. reading time\" \/>\n\t<meta name=\"twitter:data1\" content=\"8 minutes\" \/>\n<script type=\"application\/ld+json\" class=\"yoast-schema-graph\">{\"@context\":\"https:\\\/\\\/schema.org\",\"@graph\":[{\"@type\":\"WebPage\",\"@id\":\"https:\\\/\\\/chapaprianavarroyasociados.com\\\/en\\\/politica-privacidad\\\/\",\"url\":\"https:\\\/\\\/chapaprianavarroyasociados.com\\\/en\\\/politica-privacidad\\\/\",\"name\":\"Pol\u00edtica de privacidad y protecci\u00f3n de datos - Chapapr\u00eda-Navarro &amp; Asociados\",\"isPartOf\":{\"@id\":\"https:\\\/\\\/chapaprianavarroyasociados.com\\\/en\\\/#website\"},\"datePublished\":\"2022-10-10T08:21:19+00:00\",\"dateModified\":\"2025-09-16T13:45:04+00:00\",\"breadcrumb\":{\"@id\":\"https:\\\/\\\/chapaprianavarroyasociados.com\\\/en\\\/politica-privacidad\\\/#breadcrumb\"},\"inLanguage\":\"en-US\",\"potentialAction\":[{\"@type\":\"ReadAction\",\"target\":[\"https:\\\/\\\/chapaprianavarroyasociados.com\\\/en\\\/politica-privacidad\\\/\"]}]},{\"@type\":\"BreadcrumbList\",\"@id\":\"https:\\\/\\\/chapaprianavarroyasociados.com\\\/en\\\/politica-privacidad\\\/#breadcrumb\",\"itemListElement\":[{\"@type\":\"ListItem\",\"position\":1,\"name\":\"Portada\",\"item\":\"https:\\\/\\\/chapaprianavarroyasociados.com\\\/en\\\/home\\\/\"},{\"@type\":\"ListItem\",\"position\":2,\"name\":\"Pol\u00edtica de privacidad y protecci\u00f3n de datos\"}]},{\"@type\":\"WebSite\",\"@id\":\"https:\\\/\\\/chapaprianavarroyasociados.com\\\/en\\\/#website\",\"url\":\"https:\\\/\\\/chapaprianavarroyasociados.com\\\/en\\\/\",\"name\":\"Chapapr\u00eda-Navarro y Asociados\",\"description\":\"Bufete de abogados en Torrevieja, Valencia y Albacete\",\"publisher\":{\"@id\":\"https:\\\/\\\/chapaprianavarroyasociados.com\\\/en\\\/#organization\"},\"potentialAction\":[{\"@type\":\"SearchAction\",\"target\":{\"@type\":\"EntryPoint\",\"urlTemplate\":\"https:\\\/\\\/chapaprianavarroyasociados.com\\\/en\\\/?s={search_term_string}\"},\"query-input\":{\"@type\":\"PropertyValueSpecification\",\"valueRequired\":true,\"valueName\":\"search_term_string\"}}],\"inLanguage\":\"en-US\"},{\"@type\":\"Organization\",\"@id\":\"https:\\\/\\\/chapaprianavarroyasociados.com\\\/en\\\/#organization\",\"name\":\"Chapapr\u00eda Navarro y Asociados\",\"url\":\"https:\\\/\\\/chapaprianavarroyasociados.com\\\/en\\\/\",\"logo\":{\"@type\":\"ImageObject\",\"inLanguage\":\"en-US\",\"@id\":\"https:\\\/\\\/chapaprianavarroyasociados.com\\\/en\\\/#\\\/schema\\\/logo\\\/image\\\/\",\"url\":\"https:\\\/\\\/chapaprianavarroyasociados.com\\\/wp-content\\\/uploads\\\/2022\\\/10\\\/cropped-logo_version_02_blanco.png\",\"contentUrl\":\"https:\\\/\\\/chapaprianavarroyasociados.com\\\/wp-content\\\/uploads\\\/2022\\\/10\\\/cropped-logo_version_02_blanco.png\",\"width\":296,\"height\":85,\"caption\":\"Chapapr\u00eda Navarro y Asociados\"},\"image\":{\"@id\":\"https:\\\/\\\/chapaprianavarroyasociados.com\\\/en\\\/#\\\/schema\\\/logo\\\/image\\\/\"},\"sameAs\":[\"https:\\\/\\\/www.facebook.com\\\/chapaprianavarroasociados\\\/\",\"https:\\\/\\\/x.com\\\/BufeteChapapria\",\"https:\\\/\\\/www.linkedin.com\\\/company\\\/chapapria-navarro-y-asociados-s-l-p\\\/\",\"https:\\\/\\\/www.instagram.com\\\/chapaprianavarroasociados\\\/\"]}]}<\/script>\n<!-- \/ Yoast SEO plugin. -->","yoast_head_json":{"title":"Pol\u00edtica de privacidad y protecci\u00f3n de datos - Chapapr\u00eda-Navarro &amp; Asociados","robots":{"index":"index","follow":"follow","max-snippet":"max-snippet:-1","max-image-preview":"max-image-preview:large","max-video-preview":"max-video-preview:-1"},"canonical":"https:\/\/chapaprianavarroyasociados.com\/en\/politica-privacidad\/","og_locale":"en_US","og_type":"article","og_title":"Pol\u00edtica de privacidad y protecci\u00f3n de datos - Chapapr\u00eda-Navarro &amp; Asociados","og_description":"POL\u00cdTICA DE PROTECCI\u00d3N DE DATOS En cumplimiento del Reglamento UE 2016\/679 General de Protecci\u00f3n de Datos, (en adelante, \u201cRGPD\u201d) y la Ley Org\u00e1nica 3\/2018 de 5 de diciembre de Protecci\u00f3n de Datos Personales y garant\u00eda de los derechos digitales (en adelante \u201cLOPDGDD\u201d), por medio de la presente se informa a los usuarios sobre los tratamientos [&hellip;]","og_url":"https:\/\/chapaprianavarroyasociados.com\/en\/politica-privacidad\/","og_site_name":"Chapapr\u00eda-Navarro &amp; Asociados","article_publisher":"https:\/\/www.facebook.com\/chapaprianavarroasociados\/","article_modified_time":"2025-09-16T13:45:04+00:00","twitter_card":"summary_large_image","twitter_site":"@BufeteChapapria","twitter_misc":{"Est. reading time":"8 minutes"},"schema":{"@context":"https:\/\/schema.org","@graph":[{"@type":"WebPage","@id":"https:\/\/chapaprianavarroyasociados.com\/en\/politica-privacidad\/","url":"https:\/\/chapaprianavarroyasociados.com\/en\/politica-privacidad\/","name":"Pol\u00edtica de privacidad y protecci\u00f3n de datos - Chapapr\u00eda-Navarro &amp; Asociados","isPartOf":{"@id":"https:\/\/chapaprianavarroyasociados.com\/en\/#website"},"datePublished":"2022-10-10T08:21:19+00:00","dateModified":"2025-09-16T13:45:04+00:00","breadcrumb":{"@id":"https:\/\/chapaprianavarroyasociados.com\/en\/politica-privacidad\/#breadcrumb"},"inLanguage":"en-US","potentialAction":[{"@type":"ReadAction","target":["https:\/\/chapaprianavarroyasociados.com\/en\/politica-privacidad\/"]}]},{"@type":"BreadcrumbList","@id":"https:\/\/chapaprianavarroyasociados.com\/en\/politica-privacidad\/#breadcrumb","itemListElement":[{"@type":"ListItem","position":1,"name":"Portada","item":"https:\/\/chapaprianavarroyasociados.com\/en\/home\/"},{"@type":"ListItem","position":2,"name":"Pol\u00edtica de privacidad y protecci\u00f3n de datos"}]},{"@type":"WebSite","@id":"https:\/\/chapaprianavarroyasociados.com\/en\/#website","url":"https:\/\/chapaprianavarroyasociados.com\/en\/","name":"Chapapr\u00eda-Navarro y Asociados","description":"Bufete de abogados en Torrevieja, Valencia y Albacete","publisher":{"@id":"https:\/\/chapaprianavarroyasociados.com\/en\/#organization"},"potentialAction":[{"@type":"SearchAction","target":{"@type":"EntryPoint","urlTemplate":"https:\/\/chapaprianavarroyasociados.com\/en\/?s={search_term_string}"},"query-input":{"@type":"PropertyValueSpecification","valueRequired":true,"valueName":"search_term_string"}}],"inLanguage":"en-US"},{"@type":"Organization","@id":"https:\/\/chapaprianavarroyasociados.com\/en\/#organization","name":"Chapapr\u00eda Navarro y Asociados","url":"https:\/\/chapaprianavarroyasociados.com\/en\/","logo":{"@type":"ImageObject","inLanguage":"en-US","@id":"https:\/\/chapaprianavarroyasociados.com\/en\/#\/schema\/logo\/image\/","url":"https:\/\/chapaprianavarroyasociados.com\/wp-content\/uploads\/2022\/10\/cropped-logo_version_02_blanco.png","contentUrl":"https:\/\/chapaprianavarroyasociados.com\/wp-content\/uploads\/2022\/10\/cropped-logo_version_02_blanco.png","width":296,"height":85,"caption":"Chapapr\u00eda Navarro y Asociados"},"image":{"@id":"https:\/\/chapaprianavarroyasociados.com\/en\/#\/schema\/logo\/image\/"},"sameAs":["https:\/\/www.facebook.com\/chapaprianavarroasociados\/","https:\/\/x.com\/BufeteChapapria","https:\/\/www.linkedin.com\/company\/chapapria-navarro-y-asociados-s-l-p\/","https:\/\/www.instagram.com\/chapaprianavarroasociados\/"]}]}},"_links":{"self":[{"href":"https:\/\/chapaprianavarroyasociados.com\/en\/wp-json\/wp\/v2\/pages\/3696","targetHints":{"allow":["GET"]}}],"collection":[{"href":"https:\/\/chapaprianavarroyasociados.com\/en\/wp-json\/wp\/v2\/pages"}],"about":[{"href":"https:\/\/chapaprianavarroyasociados.com\/en\/wp-json\/wp\/v2\/types\/page"}],"author":[{"embeddable":true,"href":"https:\/\/chapaprianavarroyasociados.com\/en\/wp-json\/wp\/v2\/users\/1"}],"replies":[{"embeddable":true,"href":"https:\/\/chapaprianavarroyasociados.com\/en\/wp-json\/wp\/v2\/comments?post=3696"}],"version-history":[{"count":7,"href":"https:\/\/chapaprianavarroyasociados.com\/en\/wp-json\/wp\/v2\/pages\/3696\/revisions"}],"predecessor-version":[{"id":12434,"href":"https:\/\/chapaprianavarroyasociados.com\/en\/wp-json\/wp\/v2\/pages\/3696\/revisions\/12434"}],"wp:attachment":[{"href":"https:\/\/chapaprianavarroyasociados.com\/en\/wp-json\/wp\/v2\/media?parent=3696"}],"curies":[{"name":"wp","href":"https:\/\/api.w.org\/{rel}","templated":true}]}}