{"id":1393,"date":"2022-10-17T11:59:55","date_gmt":"2022-10-17T09:59:55","guid":{"rendered":"https:\/\/chapaprianavarroyasociados.com\/%d0%bf%d0%be%d1%81%d0%bb%d0%b5%d0%b4%d0%bd%d0%b8%d0%b5-%d0%bd%d0%be%d0%b2%d0%be%d1%81%d1%82%d0%b8\/"},"modified":"2024-01-23T09:39:49","modified_gmt":"2024-01-23T08:39:49","slug":"%d0%bf%d0%be%d1%81%d0%bb%d0%b5%d0%b4%d0%bd%d0%b8%d0%b5-%d0%bd%d0%be%d0%b2%d0%be%d1%81%d1%82%d0%b8","status":"publish","type":"page","link":"https:\/\/chapaprianavarroyasociados.com\/ru\/%d0%bf%d0%be%d1%81%d0%bb%d0%b5%d0%b4%d0%bd%d0%b8%d0%b5-%d0%bd%d0%be%d0%b2%d0%be%d1%81%d1%82%d0%b8\/","title":{"rendered":"\u041f\u043e\u0441\u043b\u0435\u0434\u043d\u0438\u0435 \u043d\u043e\u0432\u043e\u0441\u0442\u0438"},"content":{"rendered":"\t\t<div data-elementor-type=\"wp-page\" data-elementor-id=\"1393\" class=\"elementor elementor-1393 elementor-453\" data-elementor-post-type=\"page\">\n\t\t\t\t\t\t<section class=\"elementor-section elementor-top-section elementor-element elementor-element-2c90239 elementor-section-height-min-height elementor-section-boxed elementor-section-height-default elementor-section-items-middle\" data-id=\"2c90239\" data-element_type=\"section\" data-settings=\"{&quot;jet_parallax_layout_list&quot;:[],&quot;background_background&quot;:&quot;classic&quot;}\">\n\t\t\t\t\t\t<div class=\"elementor-container elementor-column-gap-default\">\n\t\t\t\t\t<div class=\"elementor-column elementor-col-100 elementor-top-column elementor-element elementor-element-37ffb3c\" data-id=\"37ffb3c\" data-element_type=\"column\">\n\t\t\t<div class=\"elementor-widget-wrap elementor-element-populated\">\n\t\t\t\t\t\t<div class=\"elementor-element elementor-element-ed316f7 elementor-widget elementor-widget-heading\" data-id=\"ed316f7\" data-element_type=\"widget\" data-widget_type=\"heading.default\">\n\t\t\t\t<div class=\"elementor-widget-container\">\n\t\t\t\t\t<h1 class=\"elementor-heading-title elementor-size-default\">\u041f\u043e\u0441\u043b\u0435\u0434\u043d\u0438\u0435 \u043d\u043e\u0432\u043e\u0441\u0442\u0438<\/h1>\t\t\t\t<\/div>\n\t\t\t\t<\/div>\n\t\t\t\t<div class=\"elementor-element elementor-element-fa80b6b elementor-align-center elementor-invisible elementor-widget elementor-widget-button\" data-id=\"fa80b6b\" data-element_type=\"widget\" data-settings=\"{&quot;_animation&quot;:&quot;fadeInRight&quot;}\" data-widget_type=\"button.default\">\n\t\t\t\t<div class=\"elementor-widget-container\">\n\t\t\t\t\t\t\t\t\t<div class=\"elementor-button-wrapper\">\n\t\t\t\t\t<a class=\"elementor-button elementor-button-link elementor-size-sm elementor-animation-float\" href=\"#scroll\">\n\t\t\t\t\t\t<span class=\"elementor-button-content-wrapper\">\n\t\t\t\t\t\t\t\t\t<span class=\"elementor-button-text\">\u0443\u0437\u043d\u0430\u0442\u044c \u0431\u043e\u043b\u044c\u0448\u0435<\/span>\n\t\t\t\t\t<\/span>\n\t\t\t\t\t<\/a>\n\t\t\t\t<\/div>\n\t\t\t\t\t\t\t\t<\/div>\n\t\t\t\t<\/div>\n\t\t\t\t\t<\/div>\n\t\t<\/div>\n\t\t\t\t\t<\/div>\n\t\t<\/section>\n\t\t\t\t<section class=\"elementor-section elementor-top-section elementor-element elementor-element-aea86f6 elementor-section-boxed elementor-section-height-default elementor-section-height-default\" data-id=\"aea86f6\" data-element_type=\"section\" id=\"scroll\" data-settings=\"{&quot;jet_parallax_layout_list&quot;:[]}\">\n\t\t\t\t\t\t<div class=\"elementor-container elementor-column-gap-default\">\n\t\t\t\t\t<div class=\"elementor-column elementor-col-100 elementor-top-column elementor-element elementor-element-e096e0d\" data-id=\"e096e0d\" data-element_type=\"column\">\n\t\t\t<div class=\"elementor-widget-wrap elementor-element-populated\">\n\t\t\t\t\t\t<div class=\"elementor-element elementor-element-dee1e01 elementor-align-center elementor-invisible elementor-widget elementor-widget-button\" data-id=\"dee1e01\" data-element_type=\"widget\" data-settings=\"{&quot;_animation&quot;:&quot;fadeInUp&quot;}\" data-widget_type=\"button.default\">\n\t\t\t\t<div class=\"elementor-widget-container\">\n\t\t\t\t\t\t\t\t\t<div class=\"elementor-button-wrapper\">\n\t\t\t\t\t<a class=\"elementor-button elementor-button-link elementor-size-sm elementor-animation-float\" href=\"#\" id=\"cargar_mas\">\n\t\t\t\t\t\t<span class=\"elementor-button-content-wrapper\">\n\t\t\t\t\t\t\t\t\t<span class=\"elementor-button-text\">\u0431\u0440\u0430\u0442\u044c \u0431\u043e\u043b\u044c\u0448\u0435<\/span>\n\t\t\t\t\t<\/span>\n\t\t\t\t\t<\/a>\n\t\t\t\t<\/div>\n\t\t\t\t\t\t\t\t<\/div>\n\t\t\t\t<\/div>\n\t\t\t\t\t<\/div>\n\t\t<\/div>\n\t\t\t\t\t<\/div>\n\t\t<\/section>\n\t\t\t\t<\/div>\n\t\t","protected":false},"excerpt":{"rendered":"<p>\u041f\u043e\u0441\u043b\u0435\u0434\u043d\u0438\u0435 \u043d\u043e\u0432\u043e\u0441\u0442\u0438 \u0443\u0437\u043d\u0430\u0442\u044c \u0431\u043e\u043b\u044c\u0448\u0435 leer m\u00e1s leer m\u00e1s leer m\u00e1s leer m\u00e1s leer m\u00e1s leer m\u00e1s \u0431\u0440\u0430\u0442\u044c \u0431\u043e\u043b\u044c\u0448\u0435<\/p>\n","protected":false},"author":1,"featured_media":0,"parent":0,"menu_order":0,"comment_status":"closed","ping_status":"closed","template":"elementor_header_footer","meta":{"_joinchat":[],"footnotes":""},"class_list":["post-1393","page","type-page","status-publish","hentry"],"yoast_head":"<!-- This site is optimized with the Yoast SEO plugin v27.3 - https:\/\/yoast.com\/product\/yoast-seo-wordpress\/ -->\n<title>\u041f\u043e\u0441\u043b\u0435\u0434\u043d\u0438\u0435 \u043d\u043e\u0432\u043e\u0441\u0442\u0438 - Chapapr\u00eda-Navarro &amp; Asociados<\/title>\n<meta name=\"robots\" content=\"index, follow, max-snippet:-1, max-image-preview:large, max-video-preview:-1\" \/>\n<link rel=\"canonical\" href=\"https:\/\/chapaprianavarroyasociados.com\/ru\/%d0%bf%d0%be%d1%81%d0%bb%d0%b5%d0%b4%d0%bd%d0%b8%d0%b5-%d0%bd%d0%be%d0%b2%d0%be%d1%81%d1%82%d0%b8\/\" \/>\n<meta property=\"og:locale\" content=\"ru_RU\" \/>\n<meta property=\"og:type\" content=\"article\" \/>\n<meta property=\"og:title\" content=\"\u041f\u043e\u0441\u043b\u0435\u0434\u043d\u0438\u0435 \u043d\u043e\u0432\u043e\u0441\u0442\u0438 - Chapapr\u00eda-Navarro &amp; Asociados\" \/>\n<meta property=\"og:description\" content=\"\u041f\u043e\u0441\u043b\u0435\u0434\u043d\u0438\u0435 \u043d\u043e\u0432\u043e\u0441\u0442\u0438 \u0443\u0437\u043d\u0430\u0442\u044c \u0431\u043e\u043b\u044c\u0448\u0435 leer m\u00e1s leer m\u00e1s leer m\u00e1s leer m\u00e1s leer m\u00e1s leer m\u00e1s \u0431\u0440\u0430\u0442\u044c \u0431\u043e\u043b\u044c\u0448\u0435\" \/>\n<meta property=\"og:url\" content=\"https:\/\/chapaprianavarroyasociados.com\/ru\/%d0%bf%d0%be%d1%81%d0%bb%d0%b5%d0%b4%d0%bd%d0%b8%d0%b5-%d0%bd%d0%be%d0%b2%d0%be%d1%81%d1%82%d0%b8\/\" \/>\n<meta property=\"og:site_name\" content=\"Chapapr\u00eda-Navarro &amp; Asociados\" \/>\n<meta property=\"article:publisher\" content=\"https:\/\/www.facebook.com\/chapaprianavarroasociados\/\" \/>\n<meta property=\"article:modified_time\" content=\"2024-01-23T08:39:49+00:00\" \/>\n<meta name=\"twitter:card\" content=\"summary_large_image\" \/>\n<meta name=\"twitter:site\" content=\"@BufeteChapapria\" \/>\n<script type=\"application\/ld+json\" class=\"yoast-schema-graph\">{\"@context\":\"https:\\\/\\\/schema.org\",\"@graph\":[{\"@type\":\"WebPage\",\"@id\":\"https:\\\/\\\/chapaprianavarroyasociados.com\\\/ru\\\/%d0%bf%d0%be%d1%81%d0%bb%d0%b5%d0%b4%d0%bd%d0%b8%d0%b5-%d0%bd%d0%be%d0%b2%d0%be%d1%81%d1%82%d0%b8\\\/\",\"url\":\"https:\\\/\\\/chapaprianavarroyasociados.com\\\/ru\\\/%d0%bf%d0%be%d1%81%d0%bb%d0%b5%d0%b4%d0%bd%d0%b8%d0%b5-%d0%bd%d0%be%d0%b2%d0%be%d1%81%d1%82%d0%b8\\\/\",\"name\":\"\u041f\u043e\u0441\u043b\u0435\u0434\u043d\u0438\u0435 \u043d\u043e\u0432\u043e\u0441\u0442\u0438 - Chapapr\u00eda-Navarro &amp; Asociados\",\"isPartOf\":{\"@id\":\"https:\\\/\\\/chapaprianavarroyasociados.com\\\/ru\\\/#website\"},\"datePublished\":\"2022-10-17T09:59:55+00:00\",\"dateModified\":\"2024-01-23T08:39:49+00:00\",\"breadcrumb\":{\"@id\":\"https:\\\/\\\/chapaprianavarroyasociados.com\\\/ru\\\/%d0%bf%d0%be%d1%81%d0%bb%d0%b5%d0%b4%d0%bd%d0%b8%d0%b5-%d0%bd%d0%be%d0%b2%d0%be%d1%81%d1%82%d0%b8\\\/#breadcrumb\"},\"inLanguage\":\"ru-RU\",\"potentialAction\":[{\"@type\":\"ReadAction\",\"target\":[\"https:\\\/\\\/chapaprianavarroyasociados.com\\\/ru\\\/%d0%bf%d0%be%d1%81%d0%bb%d0%b5%d0%b4%d0%bd%d0%b8%d0%b5-%d0%bd%d0%be%d0%b2%d0%be%d1%81%d1%82%d0%b8\\\/\"]}]},{\"@type\":\"BreadcrumbList\",\"@id\":\"https:\\\/\\\/chapaprianavarroyasociados.com\\\/ru\\\/%d0%bf%d0%be%d1%81%d0%bb%d0%b5%d0%b4%d0%bd%d0%b8%d0%b5-%d0%bd%d0%be%d0%b2%d0%be%d1%81%d1%82%d0%b8\\\/#breadcrumb\",\"itemListElement\":[{\"@type\":\"ListItem\",\"position\":1,\"name\":\"Portada\",\"item\":\"https:\\\/\\\/chapaprianavarroyasociados.com\\\/ru\\\/%d0%b3%d0%bb%d0%b0%d0%b2%d0%bd%d0%b0%d1%8f\\\/\"},{\"@type\":\"ListItem\",\"position\":2,\"name\":\"\u041f\u043e\u0441\u043b\u0435\u0434\u043d\u0438\u0435 \u043d\u043e\u0432\u043e\u0441\u0442\u0438\"}]},{\"@type\":\"WebSite\",\"@id\":\"https:\\\/\\\/chapaprianavarroyasociados.com\\\/ru\\\/#website\",\"url\":\"https:\\\/\\\/chapaprianavarroyasociados.com\\\/ru\\\/\",\"name\":\"Chapapr\u00eda-Navarro y Asociados\",\"description\":\"Bufete de abogados en Torrevieja, Valencia y Albacete\",\"publisher\":{\"@id\":\"https:\\\/\\\/chapaprianavarroyasociados.com\\\/ru\\\/#organization\"},\"potentialAction\":[{\"@type\":\"SearchAction\",\"target\":{\"@type\":\"EntryPoint\",\"urlTemplate\":\"https:\\\/\\\/chapaprianavarroyasociados.com\\\/ru\\\/?s={search_term_string}\"},\"query-input\":{\"@type\":\"PropertyValueSpecification\",\"valueRequired\":true,\"valueName\":\"search_term_string\"}}],\"inLanguage\":\"ru-RU\"},{\"@type\":\"Organization\",\"@id\":\"https:\\\/\\\/chapaprianavarroyasociados.com\\\/ru\\\/#organization\",\"name\":\"Chapapr\u00eda Navarro y Asociados\",\"url\":\"https:\\\/\\\/chapaprianavarroyasociados.com\\\/ru\\\/\",\"logo\":{\"@type\":\"ImageObject\",\"inLanguage\":\"ru-RU\",\"@id\":\"https:\\\/\\\/chapaprianavarroyasociados.com\\\/ru\\\/#\\\/schema\\\/logo\\\/image\\\/\",\"url\":\"https:\\\/\\\/chapaprianavarroyasociados.com\\\/wp-content\\\/uploads\\\/2022\\\/10\\\/cropped-logo_version_02_blanco.png\",\"contentUrl\":\"https:\\\/\\\/chapaprianavarroyasociados.com\\\/wp-content\\\/uploads\\\/2022\\\/10\\\/cropped-logo_version_02_blanco.png\",\"width\":296,\"height\":85,\"caption\":\"Chapapr\u00eda Navarro y Asociados\"},\"image\":{\"@id\":\"https:\\\/\\\/chapaprianavarroyasociados.com\\\/ru\\\/#\\\/schema\\\/logo\\\/image\\\/\"},\"sameAs\":[\"https:\\\/\\\/www.facebook.com\\\/chapaprianavarroasociados\\\/\",\"https:\\\/\\\/x.com\\\/BufeteChapapria\",\"https:\\\/\\\/www.linkedin.com\\\/company\\\/chapapria-navarro-y-asociados-s-l-p\\\/\",\"https:\\\/\\\/www.instagram.com\\\/chapaprianavarroasociados\\\/\"]}]}<\/script>\n<!-- \/ Yoast SEO plugin. -->","yoast_head_json":{"title":"\u041f\u043e\u0441\u043b\u0435\u0434\u043d\u0438\u0435 \u043d\u043e\u0432\u043e\u0441\u0442\u0438 - Chapapr\u00eda-Navarro &amp; Asociados","robots":{"index":"index","follow":"follow","max-snippet":"max-snippet:-1","max-image-preview":"max-image-preview:large","max-video-preview":"max-video-preview:-1"},"canonical":"https:\/\/chapaprianavarroyasociados.com\/ru\/%d0%bf%d0%be%d1%81%d0%bb%d0%b5%d0%b4%d0%bd%d0%b8%d0%b5-%d0%bd%d0%be%d0%b2%d0%be%d1%81%d1%82%d0%b8\/","og_locale":"ru_RU","og_type":"article","og_title":"\u041f\u043e\u0441\u043b\u0435\u0434\u043d\u0438\u0435 \u043d\u043e\u0432\u043e\u0441\u0442\u0438 - Chapapr\u00eda-Navarro &amp; Asociados","og_description":"\u041f\u043e\u0441\u043b\u0435\u0434\u043d\u0438\u0435 \u043d\u043e\u0432\u043e\u0441\u0442\u0438 \u0443\u0437\u043d\u0430\u0442\u044c \u0431\u043e\u043b\u044c\u0448\u0435 leer m\u00e1s leer m\u00e1s leer m\u00e1s leer m\u00e1s leer m\u00e1s leer m\u00e1s \u0431\u0440\u0430\u0442\u044c \u0431\u043e\u043b\u044c\u0448\u0435","og_url":"https:\/\/chapaprianavarroyasociados.com\/ru\/%d0%bf%d0%be%d1%81%d0%bb%d0%b5%d0%b4%d0%bd%d0%b8%d0%b5-%d0%bd%d0%be%d0%b2%d0%be%d1%81%d1%82%d0%b8\/","og_site_name":"Chapapr\u00eda-Navarro &amp; Asociados","article_publisher":"https:\/\/www.facebook.com\/chapaprianavarroasociados\/","article_modified_time":"2024-01-23T08:39:49+00:00","twitter_card":"summary_large_image","twitter_site":"@BufeteChapapria","schema":{"@context":"https:\/\/schema.org","@graph":[{"@type":"WebPage","@id":"https:\/\/chapaprianavarroyasociados.com\/ru\/%d0%bf%d0%be%d1%81%d0%bb%d0%b5%d0%b4%d0%bd%d0%b8%d0%b5-%d0%bd%d0%be%d0%b2%d0%be%d1%81%d1%82%d0%b8\/","url":"https:\/\/chapaprianavarroyasociados.com\/ru\/%d0%bf%d0%be%d1%81%d0%bb%d0%b5%d0%b4%d0%bd%d0%b8%d0%b5-%d0%bd%d0%be%d0%b2%d0%be%d1%81%d1%82%d0%b8\/","name":"\u041f\u043e\u0441\u043b\u0435\u0434\u043d\u0438\u0435 \u043d\u043e\u0432\u043e\u0441\u0442\u0438 - Chapapr\u00eda-Navarro &amp; Asociados","isPartOf":{"@id":"https:\/\/chapaprianavarroyasociados.com\/ru\/#website"},"datePublished":"2022-10-17T09:59:55+00:00","dateModified":"2024-01-23T08:39:49+00:00","breadcrumb":{"@id":"https:\/\/chapaprianavarroyasociados.com\/ru\/%d0%bf%d0%be%d1%81%d0%bb%d0%b5%d0%b4%d0%bd%d0%b8%d0%b5-%d0%bd%d0%be%d0%b2%d0%be%d1%81%d1%82%d0%b8\/#breadcrumb"},"inLanguage":"ru-RU","potentialAction":[{"@type":"ReadAction","target":["https:\/\/chapaprianavarroyasociados.com\/ru\/%d0%bf%d0%be%d1%81%d0%bb%d0%b5%d0%b4%d0%bd%d0%b8%d0%b5-%d0%bd%d0%be%d0%b2%d0%be%d1%81%d1%82%d0%b8\/"]}]},{"@type":"BreadcrumbList","@id":"https:\/\/chapaprianavarroyasociados.com\/ru\/%d0%bf%d0%be%d1%81%d0%bb%d0%b5%d0%b4%d0%bd%d0%b8%d0%b5-%d0%bd%d0%be%d0%b2%d0%be%d1%81%d1%82%d0%b8\/#breadcrumb","itemListElement":[{"@type":"ListItem","position":1,"name":"Portada","item":"https:\/\/chapaprianavarroyasociados.com\/ru\/%d0%b3%d0%bb%d0%b0%d0%b2%d0%bd%d0%b0%d1%8f\/"},{"@type":"ListItem","position":2,"name":"\u041f\u043e\u0441\u043b\u0435\u0434\u043d\u0438\u0435 \u043d\u043e\u0432\u043e\u0441\u0442\u0438"}]},{"@type":"WebSite","@id":"https:\/\/chapaprianavarroyasociados.com\/ru\/#website","url":"https:\/\/chapaprianavarroyasociados.com\/ru\/","name":"Chapapr\u00eda-Navarro y Asociados","description":"Bufete de abogados en Torrevieja, Valencia y Albacete","publisher":{"@id":"https:\/\/chapaprianavarroyasociados.com\/ru\/#organization"},"potentialAction":[{"@type":"SearchAction","target":{"@type":"EntryPoint","urlTemplate":"https:\/\/chapaprianavarroyasociados.com\/ru\/?s={search_term_string}"},"query-input":{"@type":"PropertyValueSpecification","valueRequired":true,"valueName":"search_term_string"}}],"inLanguage":"ru-RU"},{"@type":"Organization","@id":"https:\/\/chapaprianavarroyasociados.com\/ru\/#organization","name":"Chapapr\u00eda Navarro y Asociados","url":"https:\/\/chapaprianavarroyasociados.com\/ru\/","logo":{"@type":"ImageObject","inLanguage":"ru-RU","@id":"https:\/\/chapaprianavarroyasociados.com\/ru\/#\/schema\/logo\/image\/","url":"https:\/\/chapaprianavarroyasociados.com\/wp-content\/uploads\/2022\/10\/cropped-logo_version_02_blanco.png","contentUrl":"https:\/\/chapaprianavarroyasociados.com\/wp-content\/uploads\/2022\/10\/cropped-logo_version_02_blanco.png","width":296,"height":85,"caption":"Chapapr\u00eda Navarro y Asociados"},"image":{"@id":"https:\/\/chapaprianavarroyasociados.com\/ru\/#\/schema\/logo\/image\/"},"sameAs":["https:\/\/www.facebook.com\/chapaprianavarroasociados\/","https:\/\/x.com\/BufeteChapapria","https:\/\/www.linkedin.com\/company\/chapapria-navarro-y-asociados-s-l-p\/","https:\/\/www.instagram.com\/chapaprianavarroasociados\/"]}]}},"_links":{"self":[{"href":"https:\/\/chapaprianavarroyasociados.com\/ru\/wp-json\/wp\/v2\/pages\/1393","targetHints":{"allow":["GET"]}}],"collection":[{"href":"https:\/\/chapaprianavarroyasociados.com\/ru\/wp-json\/wp\/v2\/pages"}],"about":[{"href":"https:\/\/chapaprianavarroyasociados.com\/ru\/wp-json\/wp\/v2\/types\/page"}],"author":[{"embeddable":true,"href":"https:\/\/chapaprianavarroyasociados.com\/ru\/wp-json\/wp\/v2\/users\/1"}],"replies":[{"embeddable":true,"href":"https:\/\/chapaprianavarroyasociados.com\/ru\/wp-json\/wp\/v2\/comments?post=1393"}],"version-history":[{"count":13,"href":"https:\/\/chapaprianavarroyasociados.com\/ru\/wp-json\/wp\/v2\/pages\/1393\/revisions"}],"predecessor-version":[{"id":6148,"href":"https:\/\/chapaprianavarroyasociados.com\/ru\/wp-json\/wp\/v2\/pages\/1393\/revisions\/6148"}],"wp:attachment":[{"href":"https:\/\/chapaprianavarroyasociados.com\/ru\/wp-json\/wp\/v2\/media?parent=1393"}],"curies":[{"name":"wp","href":"https:\/\/api.w.org\/{rel}","templated":true}]}}