{"id":3689,"date":"2023-02-16T12:04:58","date_gmt":"2023-02-16T11:04:58","guid":{"rendered":"https:\/\/chapaprianavarroyasociados.com\/aviso-legal\/"},"modified":"2025-09-16T15:48:50","modified_gmt":"2025-09-16T13:48:50","slug":"aviso-legal","status":"publish","type":"page","link":"https:\/\/chapaprianavarroyasociados.com\/ru\/aviso-legal\/","title":{"rendered":"Aviso Legal"},"content":{"rendered":"\t\t<div data-elementor-type=\"wp-page\" data-elementor-id=\"3689\" class=\"elementor elementor-3689 elementor-3646\" data-elementor-post-type=\"page\">\n\t\t\t\t\t\t<section class=\"elementor-section elementor-top-section elementor-element elementor-element-3c7d988 elementor-section-boxed elementor-section-height-default elementor-section-height-default\" data-id=\"3c7d988\" data-element_type=\"section\" data-settings=\"{&quot;jet_parallax_layout_list&quot;:[]}\">\n\t\t\t\t\t\t<div class=\"elementor-container elementor-column-gap-default\">\n\t\t\t\t\t<div class=\"elementor-column elementor-col-100 elementor-top-column elementor-element elementor-element-9c9185c\" data-id=\"9c9185c\" data-element_type=\"column\">\n\t\t\t<div class=\"elementor-widget-wrap elementor-element-populated\">\n\t\t\t\t\t\t<div class=\"elementor-element elementor-element-b660aba elementor-widget elementor-widget-text-editor\" data-id=\"b660aba\" data-element_type=\"widget\" data-widget_type=\"text-editor.default\">\n\t\t\t\t<div class=\"elementor-widget-container\">\n\t\t\t\t\t\t\t\t\t<p>CHAPAPRIA NAVARRO Y ASOCIADOS SLP., (en adelante \u201cEMPRESA\u201d), informa al usuario que el acceso y uso de la p\u00e1gina web https:\/\/chapaprianavarroyasociados.com\/ (en adelante \u201cel sitio web\u201d) est\u00e1 sujeto a las presentes condiciones de uso, por lo que le recomendamos que las lea atentamente cada vez que acceda al sitio web.<\/p>\n<ol>\n<li><strong>INFORMACI\u00d3N GENERAL. IDENTIFICACI\u00d3N DEL PRESTADOR DE SERVICIOS DE LA SOCIEDAD DE LA INFORMACI\u00d3N <\/strong><\/li>\n<\/ol>\n<p>En cumplimiento de lo dispuesto en el art\u00edculo 10 de la Ley 34\/2002, de Servicios de la Sociedad de la Informaci\u00f3n y Comercio Electr\u00f3nico (en adelante \u201cLSSI\u201d), el prestador del servicio es la entidad CHAPAPRIA NAVARRO Y ASOCIADOS SLP., con CIF B-42605592 &nbsp;e inscrita en el Registro Mercantil de Alicante, al Tomo 4177, Hoja A 163071, Folio 94, Secci\u00f3n 8, domicilio social en CALLE RAMON GALLUD, 47 &#8212; 1 1 TORREVIEJA (03181), Alicante, Espa\u00f1a y direcci\u00f3n de correo electr\u00f3nico de contacto comunicacion@chapaprianavarroyasociados.com<\/p>\n<ol start=\"2\">\n<li><strong> DERECHOS DE PROPIEDAD INTELECTUAL E INDUSTRIAL<\/strong><\/li>\n<\/ol>\n<p>DRAFT v 09\/08\/2022<\/p>\n<p>Todos los contenidos de la p\u00e1gina web, c\u00f3digo, im\u00e1genes, v\u00eddeos, sonidos y cualesquiera otros est\u00e1n protegidos por la normativa reguladora de Propiedad Intelectual e Industrial, en particular por el Real Decreto Legislativo 1\/1996, de 12 de abril, por el que se aprueba el texto refundido de la Ley de Propiedad Intelectual y por la Ley 17\/2001, de 7 de diciembre, de Marcas. Los derechos sobre los contenidos pertenecen a CHAPAPRIA NAVARRO Y ASOCIADOS SLP o en su caso, a terceros.<\/p>\n<p>En ning\u00fan caso, el acceso a la p\u00e1gina web implica la cesi\u00f3n, transmisi\u00f3n o cualquier otro tipo de renuncia, ni total ni parcial, de los derechos de Propiedad Intelectual o Industrial. El usuario que acceda al sitio web \u00fanicamente podr\u00e1 visualizar y obtener copia privada de los contenidos siempre y cuando dicha copia sea, \u00fanica y exclusivamente, para su uso personal y privado; quedando terminantemente prohibida su utilizaci\u00f3n para fines comerciales. El usuario del sitio web deber\u00e1 abstenerse de suprimir, alterar, eludir o manipular cualquier dispositivo de protecci\u00f3n o sistemas de seguridad que puedan estar instalados en la misma.<\/p>\n<p>El uso no autorizado de los materiales e informaci\u00f3n contenida en el sitio web pueden suponer la violaci\u00f3n de la legislaci\u00f3n sobre propiedad intelectual o industrial y de otras normativas aplicables. CHAPAPRIA NAVARRO Y ASOCIADOS SLP se reserva, en consecuencia, el derecho de perseguir judicialmente cualquier infracci\u00f3n de sus derechos de propiedad intelectual e industrial.<\/p>\n<ol start=\"3\">\n<li><strong> CONDICIONES GENERALES DE USO <\/strong><\/li>\n<\/ol>\n<p>La p\u00e1gina web va dirigida a mayores de 18 a\u00f1os por lo que el usuario declara, bajo su responsabilidad, ser mayor de edad.<\/p>\n<p>Queda expresamente prohibida la utilizaci\u00f3n del presente sitio web con fines lesivos o intereses de CHAPAPRIA NAVARRO Y ASOCIADOS SLP o de terceros, que de cualquier forma sobrecarguen, da\u00f1en, inutilicen o deterioren las redes, servidores, equipos inform\u00e1ticos, de CHAPAPRIA NAVARRO Y ASOCIADOS SLP o de terceros, que impidan su normal utilizaci\u00f3n.<\/p>\n<p>El usuario se compromete a utilizar el sitio web de conformidad con la Ley, el presente aviso legal, normativa aplicable, as\u00ed como la moral, buenas costumbres y orden p\u00fablico.<\/p>\n<ol start=\"4\">\n<li><strong> OBLIGACIONES DEL USUARIO <\/strong><\/li>\n<\/ol>\n<p>Las condiciones de acceso y uso de esta p\u00e1gina web est\u00e1n supeditadas a la legalidad vigente y a los principios de buena fe y uso l\u00edcito por parte del usuario de la misma<\/p>\n<p>quedando prohibido, con car\u00e1cter general, cualquier tipo de actuaci\u00f3n en perjuicio de CHAPAPRIA NAVARRO Y ASOCIADOS SLP y contraria al presente Aviso Legal y normativa aplicable.<\/p>\n<p>El usuario se compromete a utilizar este servicio sin incurrir en actividades que puedan ser consideradas il\u00edcitas, que infrinjan los derechos de CHAPAPRIA NAVARRO Y ASOCIADOS SLP o de terceros, o que puedan da\u00f1ar, inutilizar, sobrecargar o deteriorar la p\u00e1gina web o impedir la normal utilizaci\u00f3n de la misma por parte de otros usuarios.<\/p>\n<ol start=\"5\">\n<li><strong> ENLACES DE TERCEROS <\/strong><\/li>\n<\/ol>\n<p>CHAPAPRIA NAVARRO Y ASOCIADOS SLP no garantiza la veracidad ni se responsabiliza de las consecuencias que pudieran derivarse de los errores en los contenidos proporcionados por terceros que pudieran aparecer en esta p\u00e1gina web. Asimismo, CHAPAPRIA NAVARRO Y ASOCIADOS SLP tampoco se responsabiliza de los contenidos, productos o servicios que puedan visualizarse mediante enlaces electr\u00f3nicos (links) de terceros, directa o indirectamente. En caso de que un usuario considere que existe un sitio enlazado con contenidos il\u00edcitos o inadecuados deber\u00e1 ponerlos en conocimiento de CHAPAPRIA NAVARRO Y ASOCIADOS SLP dirigiendo un correo electr\u00f3nico a la direcci\u00f3n comunicacion@chapaprianavarroyasociados.com<\/p>\n<p>Los enlaces no representan necesariamente la existencia de relaci\u00f3n entre CHAPAPRIA NAVARRO Y ASOCIADOS SLP y los particulares y entidades titulares de las p\u00e1ginas a las que dan acceso, ni la recomendaci\u00f3n, promoci\u00f3n o identificaci\u00f3n de CHAPAPRIA NAVARRO Y ASOCIADOS SLP con las manifestaciones, contenidos o servicios facilitados a trav\u00e9s de ellas. CHAPAPRIA NAVARRO Y ASOCIADOS SLP se reserva el derecho a retirar de modo unilateral y en cualquier momento los links que aparecen en su p\u00e1gina web.<\/p>\n<ol start=\"6\">\n<li><strong> RESPONSABILIDAD <\/strong><\/li>\n<\/ol>\n<p>El usuario ser\u00e1 el \u00fanico responsable de las infracciones en que pueda incurrir o de los perjuicios que se puedan causar a terceros por la indebida o ileg\u00edtima utilizaci\u00f3n de la p\u00e1gina web.<\/p>\n<p>CHAPAPRIA NAVARRO Y ASOCIADOS SLP no ser\u00e1 responsable de los posibles da\u00f1os o perjuicios que se pudieran derivar de interferencias, omisiones, interrupciones, virus inform\u00e1ticos, aver\u00edas telef\u00f3nicas o desconexiones en el funcionamiento operativo de los sistemas electr\u00f3nicos o inform\u00e1ticos, motivadas por causas ajenas a la empresa, de los retrasos o bloqueos en el uso de dichos sistemas causados por deficiencias o sobrecargas de<\/p>\n<p>l\u00edneas telef\u00f3nicas, sobrecargas en el sistema de Internet o en otros sistemas electr\u00f3nicos.<\/p>\n<ol start=\"7\">\n<li><strong> REDES SOCIALES <\/strong><\/li>\n<\/ol>\n<p><strong>7.1. Perfiles corporativos en redes sociales <\/strong><\/p>\n<p>Con el fin de promocionar los servicios o productos que se incluyen en el sitio web, CHAPAPRIA NAVARRO Y ASOCIADOS SLP cuenta con los siguientes perfiles corporativos en las siguientes redes sociales: Instagram @chapaprianavarroasociados, Facebook <a href=\"https:\/\/www.facebook.com\/chapaprianavarroasociados\">chapaprianavarroasociados<\/a>, X @BufeteChapapria, Linkedin chapapria-navarro-y-asociados-s-l-p?originalSubdomain=es<\/p>\n<p>La informaci\u00f3n que se publica en los mismos es exclusivamente respecto a los servicios que se ofrecen en el sitio web titularidad de CHAPAPRIA NAVARRO Y ASOCIADOS SLP<\/p>\n<p>A trav\u00e9s de los perfiles en redes sociales, algunos usuarios y\/o clientes se ponen en contacto con CHAPAPRIA NAVARRO Y ASOCIADOS SLP para plantear dudas o consultas sobre alg\u00fan servicio o producto en concreto. CHAPAPRIA NAVARRO Y ASOCIADOS SLP no accede a los datos ni perfiles de estos usuarios privados, limit\u00e1ndose a dar respuesta a las cuestiones planteadas. En caso de que alg\u00fan usuario requiera una atenci\u00f3n m\u00e1s espec\u00edfica, CHAPAPRIA NAVARRO Y ASOCIADOS SLP le proporcionar\u00e1 los datos de contacto de la entidad para que el usuario contacte con ellos. En ning\u00fan caso se solicitan datos de contacto al usuario para que CHAPAPRIA NAVARRO Y ASOCIADOS SLP se ponga en contacto con el mismo.<\/p>\n<p>CHAPAPRIA NAVARRO Y ASOCIADOS SLP no ser\u00e1 responsable de los comentarios o im\u00e1genes que los usuarios publiquen en sus perfiles en redes sociales y que atenten contra la ley, condiciones de uso, moral o buenas costumbres, siempre que CHAPAPRIA NAVARRO Y ASOCIADOS SLP no tenga conocimiento efectivo de dicha informaci\u00f3n, entendi\u00e9ndose por el mismo la declaraci\u00f3n por el \u00f3rgano competente de la ilicitud de los datos. CHAPAPRIA NAVARRO Y ASOCIADOS SLP actuar\u00e1 en todo momento con la diligencia necesaria para retirar los datos, reserv\u00e1ndose el derecho de eliminar dicha publicaci\u00f3n y denegar el acceso al perfil a dicho usuario.<\/p>\n<p><strong>7.2. WhatsApp Business <\/strong><\/p>\n<p>Para facilitar la resoluci\u00f3n de las cuestiones que algunos usuarios plantean a CHAPAPRIA NAVARRO Y ASOCIADOS SLP \u00e9ste pone a disposici\u00f3n de los mismos el canal de comunicaci\u00f3n de WhatsApp Business.<\/p>\n<p>Este canal tiene como \u00fanica finalidad la gesti\u00f3n y resoluci\u00f3n de las cuestiones que los usuarios del sitio web y clientes puedan plantearle a CHAPAPRIA NAVARRO Y ASOCIADOS SLP respecto a los productos que \u00e9ste ofrece.<\/p>\n<p>En ning\u00fan caso ser\u00e1 utilizado este canal para la remisi\u00f3n de comunicaciones comerciales a los usuarios, ya que \u00e9stas se limitan al env\u00edo por correo electr\u00f3nico.<\/p>\n<ol start=\"8\">\n<li><strong> COMUNICACIONES <\/strong><\/li>\n<\/ol>\n<p>Para cualquier comunicaci\u00f3n que fuera preciso efectuar deber\u00e1n de enviar un correo electr\u00f3nico a comunicacion@chapaprianavarroyasociados.com o enviar una comunicaci\u00f3n escrita a CHAPAPRIA NAVARRO Y ASOCIADOS SLP en la direcci\u00f3n postal indicada en los datos identificativos del Titular de este sitio web.<\/p>\n<ol start=\"9\">\n<li><strong> OTRAS CONDICIONES DE USO <\/strong><\/li>\n<\/ol>\n<p>CHAPAPRIA NAVARRO Y ASOCIADOS SLP se reserva la facultad de modificar las presentes condiciones de uso para adaptarlas a los cambios normativos y aquellos otros que afecten a lo aqu\u00ed dispuesto. Para que el usuario est\u00e9 informado de las nuevas condiciones se le remitir\u00e1 un correo electr\u00f3nico inform\u00e1ndole de la actualizaci\u00f3n del texto.<\/p>\n<ol start=\"10\">\n<li><strong> JURISDICCI\u00d3N Y LEGISLACI\u00d3N APLICABLE <\/strong><\/li>\n<\/ol>\n<p>Los t\u00e9rminos y condiciones que rigen este web site y todas las relaciones que pudieran derivarse se encuentran salvaguardados por la legislaci\u00f3n espa\u00f1ola.<\/p>\n<p>Cualquier controversia que pudiera derivarse del acceso o la utilizaci\u00f3n de este web site ser\u00e1 de competencia de los juzgados y tribunales del domicilio del usuario en caso de que este ostente la condici\u00f3n de consumidor. En caso contrario, la competencia la ostentar\u00e1n los Juzgados y Tribunales de Valencia. CHAPAPRIA NAVARRO Y ASOCIADOS SLP le informa de su voluntad de someterse a mecanismos alternativos de resoluci\u00f3n de conflictos para promover la soluci\u00f3n amistosa de los mismos y a los que puede acceder a trav\u00e9s del siguiente enlace<\/p>\n<p>URL&nbsp;https:\/\/chapaprianavarroyasociados.com<\/p><p><br><\/p>\n<p><\/p>\n<p>\u00daltima actualizaci\u00f3n Septiembre 2025<\/p>\n<p><\/p>\t\t\t\t\t\t\t\t<\/div>\n\t\t\t\t<\/div>\n\t\t\t\t\t<\/div>\n\t\t<\/div>\n\t\t\t\t\t<\/div>\n\t\t<\/section>\n\t\t\t\t<\/div>\n\t\t","protected":false},"excerpt":{"rendered":"<p>CHAPAPRIA NAVARRO Y ASOCIADOS SLP., (en adelante \u201cEMPRESA\u201d), informa al usuario que el acceso y uso de la p\u00e1gina web https:\/\/chapaprianavarroyasociados.com\/ (en adelante \u201cel sitio web\u201d) est\u00e1 sujeto a las presentes condiciones de uso, por lo que le recomendamos que las lea atentamente cada vez que acceda al sitio web. INFORMACI\u00d3N GENERAL. IDENTIFICACI\u00d3N DEL PRESTADOR [&hellip;]<\/p>\n","protected":false},"author":1,"featured_media":0,"parent":0,"menu_order":0,"comment_status":"closed","ping_status":"closed","template":"","meta":{"_joinchat":[],"footnotes":""},"class_list":["post-3689","page","type-page","status-publish","hentry"],"yoast_head":"<!-- This site is optimized with the Yoast SEO plugin v27.4 - https:\/\/yoast.com\/product\/yoast-seo-wordpress\/ -->\n<title>Aviso Legal - Chapapr\u00eda-Navarro &amp; Asociados<\/title>\n<meta name=\"robots\" content=\"index, follow, max-snippet:-1, max-image-preview:large, max-video-preview:-1\" \/>\n<link rel=\"canonical\" href=\"https:\/\/chapaprianavarroyasociados.com\/ru\/aviso-legal\/\" \/>\n<meta property=\"og:locale\" content=\"ru_RU\" \/>\n<meta property=\"og:type\" content=\"article\" \/>\n<meta property=\"og:title\" content=\"Aviso Legal - Chapapr\u00eda-Navarro &amp; Asociados\" \/>\n<meta property=\"og:description\" content=\"CHAPAPRIA NAVARRO Y ASOCIADOS SLP., (en adelante \u201cEMPRESA\u201d), informa al usuario que el acceso y uso de la p\u00e1gina web https:\/\/chapaprianavarroyasociados.com\/ (en adelante \u201cel sitio web\u201d) est\u00e1 sujeto a las presentes condiciones de uso, por lo que le recomendamos que las lea atentamente cada vez que acceda al sitio web. INFORMACI\u00d3N GENERAL. IDENTIFICACI\u00d3N DEL PRESTADOR [&hellip;]\" \/>\n<meta property=\"og:url\" content=\"https:\/\/chapaprianavarroyasociados.com\/ru\/aviso-legal\/\" \/>\n<meta property=\"og:site_name\" content=\"Chapapr\u00eda-Navarro &amp; Asociados\" \/>\n<meta property=\"article:publisher\" content=\"https:\/\/www.facebook.com\/chapaprianavarroasociados\/\" \/>\n<meta property=\"article:modified_time\" content=\"2025-09-16T13:48:50+00:00\" \/>\n<meta name=\"twitter:card\" content=\"summary_large_image\" \/>\n<meta name=\"twitter:site\" content=\"@BufeteChapapria\" \/>\n<meta name=\"twitter:label1\" content=\"\u041f\u0440\u0438\u043c\u0435\u0440\u043d\u043e\u0435 \u0432\u0440\u0435\u043c\u044f \u0434\u043b\u044f \u0447\u0442\u0435\u043d\u0438\u044f\" \/>\n\t<meta name=\"twitter:data1\" content=\"8 \u043c\u0438\u043d\u0443\u0442\" \/>\n<script type=\"application\/ld+json\" class=\"yoast-schema-graph\">{\"@context\":\"https:\\\/\\\/schema.org\",\"@graph\":[{\"@type\":\"WebPage\",\"@id\":\"https:\\\/\\\/chapaprianavarroyasociados.com\\\/ru\\\/aviso-legal\\\/\",\"url\":\"https:\\\/\\\/chapaprianavarroyasociados.com\\\/ru\\\/aviso-legal\\\/\",\"name\":\"Aviso Legal - Chapapr\u00eda-Navarro &amp; Asociados\",\"isPartOf\":{\"@id\":\"https:\\\/\\\/chapaprianavarroyasociados.com\\\/ru\\\/#website\"},\"datePublished\":\"2023-02-16T11:04:58+00:00\",\"dateModified\":\"2025-09-16T13:48:50+00:00\",\"breadcrumb\":{\"@id\":\"https:\\\/\\\/chapaprianavarroyasociados.com\\\/ru\\\/aviso-legal\\\/#breadcrumb\"},\"inLanguage\":\"ru-RU\",\"potentialAction\":[{\"@type\":\"ReadAction\",\"target\":[\"https:\\\/\\\/chapaprianavarroyasociados.com\\\/ru\\\/aviso-legal\\\/\"]}]},{\"@type\":\"BreadcrumbList\",\"@id\":\"https:\\\/\\\/chapaprianavarroyasociados.com\\\/ru\\\/aviso-legal\\\/#breadcrumb\",\"itemListElement\":[{\"@type\":\"ListItem\",\"position\":1,\"name\":\"Portada\",\"item\":\"https:\\\/\\\/chapaprianavarroyasociados.com\\\/ru\\\/%d0%b3%d0%bb%d0%b0%d0%b2%d0%bd%d0%b0%d1%8f\\\/\"},{\"@type\":\"ListItem\",\"position\":2,\"name\":\"Aviso Legal\"}]},{\"@type\":\"WebSite\",\"@id\":\"https:\\\/\\\/chapaprianavarroyasociados.com\\\/ru\\\/#website\",\"url\":\"https:\\\/\\\/chapaprianavarroyasociados.com\\\/ru\\\/\",\"name\":\"Chapapr\u00eda-Navarro y Asociados\",\"description\":\"Bufete de abogados en Torrevieja, Valencia y Albacete\",\"publisher\":{\"@id\":\"https:\\\/\\\/chapaprianavarroyasociados.com\\\/ru\\\/#organization\"},\"potentialAction\":[{\"@type\":\"SearchAction\",\"target\":{\"@type\":\"EntryPoint\",\"urlTemplate\":\"https:\\\/\\\/chapaprianavarroyasociados.com\\\/ru\\\/?s={search_term_string}\"},\"query-input\":{\"@type\":\"PropertyValueSpecification\",\"valueRequired\":true,\"valueName\":\"search_term_string\"}}],\"inLanguage\":\"ru-RU\"},{\"@type\":\"Organization\",\"@id\":\"https:\\\/\\\/chapaprianavarroyasociados.com\\\/ru\\\/#organization\",\"name\":\"Chapapr\u00eda Navarro y Asociados\",\"url\":\"https:\\\/\\\/chapaprianavarroyasociados.com\\\/ru\\\/\",\"logo\":{\"@type\":\"ImageObject\",\"inLanguage\":\"ru-RU\",\"@id\":\"https:\\\/\\\/chapaprianavarroyasociados.com\\\/ru\\\/#\\\/schema\\\/logo\\\/image\\\/\",\"url\":\"https:\\\/\\\/chapaprianavarroyasociados.com\\\/wp-content\\\/uploads\\\/2022\\\/10\\\/cropped-logo_version_02_blanco.png\",\"contentUrl\":\"https:\\\/\\\/chapaprianavarroyasociados.com\\\/wp-content\\\/uploads\\\/2022\\\/10\\\/cropped-logo_version_02_blanco.png\",\"width\":296,\"height\":85,\"caption\":\"Chapapr\u00eda Navarro y Asociados\"},\"image\":{\"@id\":\"https:\\\/\\\/chapaprianavarroyasociados.com\\\/ru\\\/#\\\/schema\\\/logo\\\/image\\\/\"},\"sameAs\":[\"https:\\\/\\\/www.facebook.com\\\/chapaprianavarroasociados\\\/\",\"https:\\\/\\\/x.com\\\/BufeteChapapria\",\"https:\\\/\\\/www.linkedin.com\\\/company\\\/chapapria-navarro-y-asociados-s-l-p\\\/\",\"https:\\\/\\\/www.instagram.com\\\/chapaprianavarroasociados\\\/\"]}]}<\/script>\n<!-- \/ Yoast SEO plugin. -->","yoast_head_json":{"title":"Aviso Legal - Chapapr\u00eda-Navarro &amp; Asociados","robots":{"index":"index","follow":"follow","max-snippet":"max-snippet:-1","max-image-preview":"max-image-preview:large","max-video-preview":"max-video-preview:-1"},"canonical":"https:\/\/chapaprianavarroyasociados.com\/ru\/aviso-legal\/","og_locale":"ru_RU","og_type":"article","og_title":"Aviso Legal - Chapapr\u00eda-Navarro &amp; Asociados","og_description":"CHAPAPRIA NAVARRO Y ASOCIADOS SLP., (en adelante \u201cEMPRESA\u201d), informa al usuario que el acceso y uso de la p\u00e1gina web https:\/\/chapaprianavarroyasociados.com\/ (en adelante \u201cel sitio web\u201d) est\u00e1 sujeto a las presentes condiciones de uso, por lo que le recomendamos que las lea atentamente cada vez que acceda al sitio web. INFORMACI\u00d3N GENERAL. IDENTIFICACI\u00d3N DEL PRESTADOR [&hellip;]","og_url":"https:\/\/chapaprianavarroyasociados.com\/ru\/aviso-legal\/","og_site_name":"Chapapr\u00eda-Navarro &amp; Asociados","article_publisher":"https:\/\/www.facebook.com\/chapaprianavarroasociados\/","article_modified_time":"2025-09-16T13:48:50+00:00","twitter_card":"summary_large_image","twitter_site":"@BufeteChapapria","twitter_misc":{"\u041f\u0440\u0438\u043c\u0435\u0440\u043d\u043e\u0435 \u0432\u0440\u0435\u043c\u044f \u0434\u043b\u044f \u0447\u0442\u0435\u043d\u0438\u044f":"8 \u043c\u0438\u043d\u0443\u0442"},"schema":{"@context":"https:\/\/schema.org","@graph":[{"@type":"WebPage","@id":"https:\/\/chapaprianavarroyasociados.com\/ru\/aviso-legal\/","url":"https:\/\/chapaprianavarroyasociados.com\/ru\/aviso-legal\/","name":"Aviso Legal - Chapapr\u00eda-Navarro &amp; Asociados","isPartOf":{"@id":"https:\/\/chapaprianavarroyasociados.com\/ru\/#website"},"datePublished":"2023-02-16T11:04:58+00:00","dateModified":"2025-09-16T13:48:50+00:00","breadcrumb":{"@id":"https:\/\/chapaprianavarroyasociados.com\/ru\/aviso-legal\/#breadcrumb"},"inLanguage":"ru-RU","potentialAction":[{"@type":"ReadAction","target":["https:\/\/chapaprianavarroyasociados.com\/ru\/aviso-legal\/"]}]},{"@type":"BreadcrumbList","@id":"https:\/\/chapaprianavarroyasociados.com\/ru\/aviso-legal\/#breadcrumb","itemListElement":[{"@type":"ListItem","position":1,"name":"Portada","item":"https:\/\/chapaprianavarroyasociados.com\/ru\/%d0%b3%d0%bb%d0%b0%d0%b2%d0%bd%d0%b0%d1%8f\/"},{"@type":"ListItem","position":2,"name":"Aviso Legal"}]},{"@type":"WebSite","@id":"https:\/\/chapaprianavarroyasociados.com\/ru\/#website","url":"https:\/\/chapaprianavarroyasociados.com\/ru\/","name":"Chapapr\u00eda-Navarro y Asociados","description":"Bufete de abogados en Torrevieja, Valencia y Albacete","publisher":{"@id":"https:\/\/chapaprianavarroyasociados.com\/ru\/#organization"},"potentialAction":[{"@type":"SearchAction","target":{"@type":"EntryPoint","urlTemplate":"https:\/\/chapaprianavarroyasociados.com\/ru\/?s={search_term_string}"},"query-input":{"@type":"PropertyValueSpecification","valueRequired":true,"valueName":"search_term_string"}}],"inLanguage":"ru-RU"},{"@type":"Organization","@id":"https:\/\/chapaprianavarroyasociados.com\/ru\/#organization","name":"Chapapr\u00eda Navarro y Asociados","url":"https:\/\/chapaprianavarroyasociados.com\/ru\/","logo":{"@type":"ImageObject","inLanguage":"ru-RU","@id":"https:\/\/chapaprianavarroyasociados.com\/ru\/#\/schema\/logo\/image\/","url":"https:\/\/chapaprianavarroyasociados.com\/wp-content\/uploads\/2022\/10\/cropped-logo_version_02_blanco.png","contentUrl":"https:\/\/chapaprianavarroyasociados.com\/wp-content\/uploads\/2022\/10\/cropped-logo_version_02_blanco.png","width":296,"height":85,"caption":"Chapapr\u00eda Navarro y Asociados"},"image":{"@id":"https:\/\/chapaprianavarroyasociados.com\/ru\/#\/schema\/logo\/image\/"},"sameAs":["https:\/\/www.facebook.com\/chapaprianavarroasociados\/","https:\/\/x.com\/BufeteChapapria","https:\/\/www.linkedin.com\/company\/chapapria-navarro-y-asociados-s-l-p\/","https:\/\/www.instagram.com\/chapaprianavarroasociados\/"]}]}},"_links":{"self":[{"href":"https:\/\/chapaprianavarroyasociados.com\/ru\/wp-json\/wp\/v2\/pages\/3689","targetHints":{"allow":["GET"]}}],"collection":[{"href":"https:\/\/chapaprianavarroyasociados.com\/ru\/wp-json\/wp\/v2\/pages"}],"about":[{"href":"https:\/\/chapaprianavarroyasociados.com\/ru\/wp-json\/wp\/v2\/types\/page"}],"author":[{"embeddable":true,"href":"https:\/\/chapaprianavarroyasociados.com\/ru\/wp-json\/wp\/v2\/users\/1"}],"replies":[{"embeddable":true,"href":"https:\/\/chapaprianavarroyasociados.com\/ru\/wp-json\/wp\/v2\/comments?post=3689"}],"version-history":[{"count":4,"href":"https:\/\/chapaprianavarroyasociados.com\/ru\/wp-json\/wp\/v2\/pages\/3689\/revisions"}],"predecessor-version":[{"id":12449,"href":"https:\/\/chapaprianavarroyasociados.com\/ru\/wp-json\/wp\/v2\/pages\/3689\/revisions\/12449"}],"wp:attachment":[{"href":"https:\/\/chapaprianavarroyasociados.com\/ru\/wp-json\/wp\/v2\/media?parent=3689"}],"curies":[{"name":"wp","href":"https:\/\/api.w.org\/{rel}","templated":true}]}}